{"id":23,"date":"2018-06-27T13:37:19","date_gmt":"2018-06-27T11:37:19","guid":{"rendered":"https:\/\/sonatazwierzyniec.pl\/?page_id=23"},"modified":"2022-11-18T09:21:41","modified_gmt":"2022-11-18T08:21:41","slug":"kontakt","status":"publish","type":"page","link":"https:\/\/sonatazwierzyniec.pl\/en\/kontakt\/","title":{"rendered":"CONTACT"},"content":{"rendered":"<div class=\"wpb-content-wrapper\"><p>[vc_row][vc_column width=&#8221;1\/2&#8243;][vc_column_text]<\/p>\n<p style=\"text-align: center;\"><strong>Restauracja SONATA:<\/strong><br \/>\nul. Bi\u0142gorajska 3<br \/>\n22-470 ZWIERZYNIEC<\/p>\n<p style=\"text-align: center;\">Nr konta: 69 1500 1807 1218 0004 4170 0000<br \/>\ntel.\/fax 84 687 51 51,<\/p>\n<p style=\"text-align: center;\">tel. kom. +48 530 263 229<br \/>\ntel. kom. +48 697 722 551<\/p>\n<p>[\/vc_column_text][\/vc_column][vc_column width=&#8221;1\/2&#8243;][vc_column_text]<\/p>\n<p style=\"text-align: center;\"><strong>We invite you<\/strong><\/p>\n<p style=\"text-align: center;\">od maja do pa\u017adziernika<br \/>\n<strong>w godz. 11.00 &#8211; 22.00<\/strong><br \/>\nkuchnia realizuje zam\u00f3wienia do godz. 21:30<br \/>\nPizza jest dost\u0119pna codziennie!<\/p>\n<p style=\"text-align: center;\">od listopada do kwietnia<br \/>\n<strong>w godz. 12.00 &#8211; 20.00<\/strong><br \/>\nkuchnia realizuje zam\u00f3wienia do godz. 20:00<br \/>\nPizza jest dost\u0119pna w weekendy![\/vc_column_text][\/vc_column][\/vc_row][vc_row][vc_column width=&#8221;1\/2&#8243;][vc_custom_heading heading_semantic=&#8221;div&#8221; text_size=&#8221;&#8221;]Zapraszamy do skorzystania z formularza kontaktowego. Odpowiemy najszybciej jak b\u0119dzie to mo\u017cliwe.[\/vc_custom_heading]\n<div class=\"wpcf7 no-js\" id=\"wpcf7-f9-o1\" lang=\"pl-PL\" dir=\"ltr\" data-wpcf7-id=\"9\">\n<div class=\"screen-reader-response\"><p role=\"status\" aria-live=\"polite\" aria-atomic=\"true\"><\/p> <ul><\/ul><\/div>\n<form action=\"\/en\/wp-json\/wp\/v2\/pages\/23#wpcf7-f9-o1\" method=\"post\" class=\"wpcf7-form init\" aria-label=\"Formularz kontaktowy\" novalidate=\"novalidate\" data-status=\"init\">\n<fieldset class=\"hidden-fields-container\"><input type=\"hidden\" name=\"_wpcf7\" value=\"9\" \/><input type=\"hidden\" name=\"_wpcf7_version\" value=\"6.1.5\" \/><input type=\"hidden\" name=\"_wpcf7_locale\" value=\"pl_PL\" \/><input type=\"hidden\" name=\"_wpcf7_unit_tag\" value=\"wpcf7-f9-o1\" \/><input type=\"hidden\" name=\"_wpcf7_container_post\" value=\"0\" \/><input type=\"hidden\" name=\"_wpcf7_posted_data_hash\" value=\"\" \/><input type=\"hidden\" name=\"lang\" value=\"en\" \/><input type=\"hidden\" name=\"_wpcf7_recaptcha_response\" value=\"\" \/>\n<\/fieldset>\n<p><label> Imi\u0119 i Nazwisko (obowi\u0105zkowe)<br \/>\n<span class=\"wpcf7-form-control-wrap\" data-name=\"your-name\"><input size=\"40\" maxlength=\"400\" class=\"wpcf7-form-control wpcf7-text wpcf7-validates-as-required\" aria-required=\"true\" aria-invalid=\"false\" value=\"\" type=\"text\" name=\"your-name\" \/><\/span> <\/label>\n<\/p>\n<p><label> Tw\u00f3j Email (obowi\u0105zkowe)<br \/>\n<span class=\"wpcf7-form-control-wrap\" data-name=\"your-email\"><input size=\"40\" maxlength=\"400\" class=\"wpcf7-form-control wpcf7-email wpcf7-validates-as-required wpcf7-text wpcf7-validates-as-email\" aria-required=\"true\" aria-invalid=\"false\" value=\"\" type=\"email\" name=\"your-email\" \/><\/span> <\/label>\n<\/p>\n<p><label> Temat:<br \/>\n<span class=\"wpcf7-form-control-wrap\" data-name=\"your-subject\"><input size=\"40\" maxlength=\"400\" class=\"wpcf7-form-control wpcf7-text\" aria-invalid=\"false\" value=\"\" type=\"text\" name=\"your-subject\" \/><\/span> <\/label>\n<\/p>\n<p><label> Tre\u015b\u0107 wiadomo\u015bci:<br \/>\n<span class=\"wpcf7-form-control-wrap\" data-name=\"your-message\"><textarea cols=\"40\" rows=\"10\" maxlength=\"2000\" class=\"wpcf7-form-control wpcf7-textarea\" aria-invalid=\"false\" name=\"your-message\"><\/textarea><\/span> <\/label>\n<\/p>\n<p><input class=\"wpcf7-form-control wpcf7-submit has-spinner\" type=\"submit\" value=\"Wy\u015blij\" \/>\n<\/p><p style=\"display: none !important;\" class=\"akismet-fields-container\" data-prefix=\"_wpcf7_ak_\"><label>&#916;<textarea name=\"_wpcf7_ak_hp_textarea\" cols=\"45\" rows=\"8\" maxlength=\"100\"><\/textarea><\/label><input type=\"hidden\" id=\"ak_js_1\" name=\"_wpcf7_ak_js\" value=\"139\"\/><script>document.getElementById( \"ak_js_1\" ).setAttribute( \"value\", ( new Date() ).getTime() );<\/script><\/p><div class=\"wpcf7-response-output\" aria-hidden=\"true\"><\/div>\n<\/form>\n<\/div>\n[\/vc_column][vc_column width=&#8221;1\/2&#8243;][vc_custom_heading heading_semantic=&#8221;div&#8221; text_size=&#8221;&#8221;]Jak do nas trafi\u0107.[\/vc_custom_heading][vc_gmaps zoom=&#8221;14&#8243; map_saturation=&#8221;-20&#8243; map_brightness=&#8221;5&#8243; latlon=&#8221;50.61011822181962, 22.96452381648123&#8243; size=&#8221;600&#8243; address=&#8221;ul. Bi\u0142gorajska 3, 22-470 Zwierzyniec&#8221;][\/vc_column][\/vc_row]<\/p>\n<\/div>","protected":false},"excerpt":{"rendered":"<p>[vc_row][vc_column width=&#8221;1\/2&#8243;][vc_column_text] Restauracja SONATA: ul. Bi\u0142gorajska 3 22-470 ZWIERZYNIEC Nr konta: 69 1500 1807 1218 0004 4170 0000 tel.\/fax 84 [&hellip;]<\/p>\n","protected":false},"author":1,"featured_media":0,"parent":0,"menu_order":0,"comment_status":"closed","ping_status":"closed","template":"","meta":{"footnotes":""},"class_list":["post-23","page","type-page","status-publish","hentry"],"_links":{"self":[{"href":"https:\/\/sonatazwierzyniec.pl\/en\/wp-json\/wp\/v2\/pages\/23","targetHints":{"allow":["GET"]}}],"collection":[{"href":"https:\/\/sonatazwierzyniec.pl\/en\/wp-json\/wp\/v2\/pages"}],"about":[{"href":"https:\/\/sonatazwierzyniec.pl\/en\/wp-json\/wp\/v2\/types\/page"}],"author":[{"embeddable":true,"href":"https:\/\/sonatazwierzyniec.pl\/en\/wp-json\/wp\/v2\/users\/1"}],"replies":[{"embeddable":true,"href":"https:\/\/sonatazwierzyniec.pl\/en\/wp-json\/wp\/v2\/comments?post=23"}],"version-history":[{"count":5,"href":"https:\/\/sonatazwierzyniec.pl\/en\/wp-json\/wp\/v2\/pages\/23\/revisions"}],"predecessor-version":[{"id":413,"href":"https:\/\/sonatazwierzyniec.pl\/en\/wp-json\/wp\/v2\/pages\/23\/revisions\/413"}],"wp:attachment":[{"href":"https:\/\/sonatazwierzyniec.pl\/en\/wp-json\/wp\/v2\/media?parent=23"}],"curies":[{"name":"wp","href":"https:\/\/api.w.org\/{rel}","templated":true}]}}